{"id":13,"date":"2024-12-06T21:45:03","date_gmt":"2024-12-06T21:45:03","guid":{"rendered":"https:\/\/deco-decoroom.ro\/?page_id=13"},"modified":"2024-12-06T23:46:17","modified_gmt":"2024-12-06T23:46:17","slug":"refund_returns","status":"publish","type":"page","link":"https:\/\/deco-decoroom.ro\/index.php\/refund_returns\/","title":{"rendered":"Retururi \u0219i ramburs\u0103ri"},"content":{"rendered":"<h2 class=\"wp-block-heading\">Politica de retur<\/h2><p>Dac\u0103 nu sunte\u021bi complet mul\u021bumit de achizi\u021bia dvs., pute\u021bi returna produsele \u00een termen de 14 zile de la primirea comenzii. Produsele trebuie s\u0103 fie \u00een starea original\u0103 \u0219i nedeteriorate. V\u0103 rug\u0103m s\u0103 contacta\u021bi serviciul nostru de asisten\u021b\u0103 pentru clien\u021bi pentru a ini\u021bia procesul de retur.<\/p><h2 class=\"wp-block-heading\">Ramburs\u0103ri<\/h2><p>Dup\u0103 primirea \u0219i inspectarea returului, v\u0103 vom procesa rambursarea \u00een termen de 5-7 zile lucr\u0103toare. Rambursarea va fi efectuat\u0103 folosind aceea\u0219i metod\u0103 de plat\u0103 utilizat\u0103 pentru achizi\u021bia ini\u021bial\u0103.<\/p><h1 class=\"wp-block-heading\">Serviciul de asisten\u021b\u0103 pentru clien\u021bi<\/h1><p>Pentru orice \u00eentreb\u0103ri sau probleme legate de comanda dvs., v\u0103 rug\u0103m s\u0103 contacta\u021bi echipa noastr\u0103 de asisten\u021b\u0103 pentru clien\u021bi:<\/p><ul class=\"wp-block-list\"><li>Email: <a href=\"https:\/\/deco-decoroom.ro\/index.php\/refund_returns-2\/\" data-type=\"page\" data-id=\"392\">click aici pentru formularul de contact<\/a><\/li><\/ul><!-- wp:themify-builder\/canvas \/-->","protected":false},"excerpt":{"rendered":"<p>Politica de retur Dac\u0103 nu sunte\u021bi complet mul\u021bumit de achizi\u021bia dvs., pute\u021bi returna produsele \u00een termen de 14 zile de la primirea comenzii. Produsele trebuie s\u0103 fie \u00een starea original\u0103 \u0219i nedeteriorate. V\u0103 rug\u0103m s\u0103 contacta\u021bi serviciul nostru de asisten\u021b\u0103 pentru clien\u021bi pentru a ini\u021bia procesul de retur. Ramburs\u0103ri Dup\u0103 primirea \u0219i inspectarea returului, v\u0103 [&hellip;]<\/p>\n","protected":false},"author":1,"featured_media":0,"parent":0,"menu_order":0,"comment_status":"closed","ping_status":"closed","template":"","meta":{"footnotes":""},"class_list":["post-13","page","type-page","status-publish","hentry","has-post-title","has-post-date","has-post-category","has-post-tag","has-post-comment","has-post-author",""],"jetpack_sharing_enabled":true,"builder_content":"","_links":{"self":[{"href":"https:\/\/deco-decoroom.ro\/index.php\/wp-json\/wp\/v2\/pages\/13","targetHints":{"allow":["GET"]}}],"collection":[{"href":"https:\/\/deco-decoroom.ro\/index.php\/wp-json\/wp\/v2\/pages"}],"about":[{"href":"https:\/\/deco-decoroom.ro\/index.php\/wp-json\/wp\/v2\/types\/page"}],"author":[{"embeddable":true,"href":"https:\/\/deco-decoroom.ro\/index.php\/wp-json\/wp\/v2\/users\/1"}],"replies":[{"embeddable":true,"href":"https:\/\/deco-decoroom.ro\/index.php\/wp-json\/wp\/v2\/comments?post=13"}],"version-history":[{"count":9,"href":"https:\/\/deco-decoroom.ro\/index.php\/wp-json\/wp\/v2\/pages\/13\/revisions"}],"predecessor-version":[{"id":441,"href":"https:\/\/deco-decoroom.ro\/index.php\/wp-json\/wp\/v2\/pages\/13\/revisions\/441"}],"wp:attachment":[{"href":"https:\/\/deco-decoroom.ro\/index.php\/wp-json\/wp\/v2\/media?parent=13"}],"curies":[{"name":"wp","href":"https:\/\/api.w.org\/{rel}","templated":true}]}}